{"id":6,"date":"2025-02-23T15:20:56","date_gmt":"2025-02-23T19:20:56","guid":{"rendered":"http:\/\/qobykgv.cluster100.hosting.ovh.net\/?page_id=6"},"modified":"2025-03-24T14:47:41","modified_gmt":"2025-03-24T18:47:41","slug":"candidats","status":"publish","type":"page","link":"https:\/\/gtei-guadeloupe.org\/index.php\/candidats\/","title":{"rendered":"Candidats"},"content":{"rendered":"\t\t<div data-elementor-type=\"wp-post\" data-elementor-id=\"6\" class=\"elementor elementor-6\" data-elementor-settings=\"{&quot;ha_cmc_init_switcher&quot;:&quot;no&quot;}\" data-elementor-post-type=\"page\">\n\t\t\t\t<div class=\"elementor-element elementor-element-ec1bb5b e-con-full e-flex e-con e-parent\" data-id=\"ec1bb5b\" data-element_type=\"container\" data-settings=\"{&quot;jet_parallax_layout_list&quot;:[],&quot;_ha_eqh_enable&quot;:false}\">\n\t\t\t\t<div class=\"elementor-element elementor-element-fecb932 elementor-widget elementor-widget-gtei-title\" data-id=\"fecb932\" data-element_type=\"widget\" data-widget_type=\"gtei-title.default\">\n\t\t\t\t<div class=\"elementor-widget-container\">\n\t\t\t\t\t        <div class=\"section-frame overflow-hidden\">\r\n            <div class=\"wrapper bg-gray\">\r\n                <div class=\"container py-10 py-md-10 text-center\">\r\n                    <div class=\"row\">\r\n                        <div class=\"col-lg-10 col-xxl-8 mx-auto\">\r\n                                                            <h1 class=\"display-1 mb-1\">Candidats<\/h1>\r\n                                                    <\/div>\r\n                        <!-- \/column -->\r\n                    <\/div>\r\n                    <!-- \/.row -->\r\n                <\/div>\r\n                <!-- \/.container -->\r\n            <\/div>\r\n            <!-- \/.wrapper -->\r\n        <\/div>\r\n\t    \t\t\t\t<\/div>\n\t\t\t\t<\/div>\n\t\t\t\t<\/div>\n\t\t<div class=\"elementor-element elementor-element-83f348a e-con-full e-flex e-con e-parent\" data-id=\"83f348a\" data-element_type=\"container\" data-settings=\"{&quot;jet_parallax_layout_list&quot;:[],&quot;_ha_eqh_enable&quot;:false}\">\n\t\t\t\t<div class=\"jet-popup-target elementor-element elementor-element-0b2e72d elementor-widget elementor-widget-mission\" data-jet-popup=\"{&quot;attached-popup&quot;:&quot;jet-popup-249&quot;,&quot;trigger-type&quot;:&quot;click-selector&quot;,&quot;trigger-custom-selector&quot;:&quot;a.btn.btn-blue.rounded-pill&quot;}\" data-id=\"0b2e72d\" data-element_type=\"widget\" data-widget_type=\"mission.default\">\n\t\t\t\t<div class=\"elementor-widget-container\">\n\t\t\t\t\t        <div class=\"wrapper bg-light\">\r\n            <div class=\"container py-10 py-md-10\">\r\n                <div class=\"row gy-10 gy-sm-13 gx-md-8 gx-xl-12 align-items-center\">\r\n                    <div class=\"col-lg-6\">\r\n                        <div class=\"row gx-md-5 gy-5\">\r\n                                                            <div class=\"col-12\">\r\n                                    <figure class=\"rounded mx-5\"><img decoding=\"async\" src=\"https:\/\/gtei-guadeloupe.org\/wp-content\/uploads\/2025\/02\/g8.jpg\" alt=\"mission\"><\/figure>\r\n                                <\/div>\r\n                                <!--\/column -->\r\n                                                                                    <div class=\"col-md-6\">\r\n                                <figure class=\"rounded\"><img decoding=\"async\" src=\"https:\/\/gtei-guadeloupe.org\/wp-content\/uploads\/2025\/02\/g9.jpg\" alt=\"mission\"><\/figure>\r\n                            <\/div>\r\n                            <!--\/column -->\r\n                                                                                    <div class=\"col-md-6\">\r\n                                <figure class=\"rounded\"><img decoding=\"async\" src=\"https:\/\/gtei-guadeloupe.org\/wp-content\/uploads\/2025\/02\/g10.jpg\" alt=\"mission\"><\/figure>\r\n                            <\/div>\r\n                            <!--\/column -->\r\n                                                    <\/div>\r\n                        <!--\/.row -->\r\n                    <\/div>\r\n                    <!--\/column -->\r\n                    <div class=\"col-lg-6\">\r\n                                                    <h3 class=\"display-3 mb-10  text-center\">Notre mission : Vous <span class=\"underline-3 style-2 yellow\">accompagner<\/span> dans l\u2019emploi .<\/h3>\r\n                                                <div class=\"row gy-8\">\r\n                                                            <div class=\"col-md-12\">\r\n                                    <p>Vous \u00eates \u00e0 la recherche d'une opportunit\u00e9 professionnelle ?<\/p>\n<p>Le GTEI \u2013 GUICHET TERRITORIAL D\u2019EMPLOI D\u2019INSERTION vous accompagne vers l'emploi en vous proposant :<\/p>\n\t                                                                        <ul class=\"icon-list bullet-bg bullet-soft-primary mb-0\">\r\n\t\t\t                                                                                <li class=\"mt-3\"><span><i class=\"uil uil-check\"><\/i><\/span><span>Des missions adapt\u00e9es \u00e0 votre profil : Nous identifions des offres qui correspondent \u00e0 vos comp\u00e9tences et \u00e0 votre projet professionnel.<\/span><\/li>\r\n\t\t\t                                                                                <li ><span><i class=\"uil uil-check\"><\/i><\/span><span>Un accompagnement personnalis\u00e9 : Nos charg\u00e9s (es) de mission vous accompagnent dans votre parcours en vous aidant \u00e0 lever les freins \u00e0 l'emploi (formation, mobilit\u00e9, logement, etc.).<\/span><\/li>\r\n\t\t\t                                                                                <li class=\"mt-3\"><span><i class=\"uil uil-check\"><\/i><\/span><span>Une mont\u00e9e en comp\u00e9tences : Gr\u00e2ce \u00e0 des exp\u00e9riences vari\u00e9es et des formations adapt\u00e9es, vous d\u00e9veloppez votre employabilit\u00e9.<\/span><\/li>\r\n\t\t\t                                                                                <li ><span><i class=\"uil uil-check\"><\/i><\/span><span>Un tremplin vers un emploi durable : Notre objectif est de vous aider \u00e0 acc\u00e9der \u00e0 un emploi stable et p\u00e9renne.<\/span><\/li>\r\n\t\t\t                                                                        <\/ul>\r\n\t                                                                <\/div>\r\n                                                        <!--\/column -->\r\n                                                            <div class=\"col-md-12\">\r\n                                    <div class=\"d-flex flex-row \">\r\n                                        <div  class=\"mx-auto\">\r\n                                            <a href=\"#\"  class=\"btn btn-blue rounded-pill\">INSCRIVEZ VOUS<\/a>\r\n                                        <\/div>\r\n                                    <\/div>\r\n                                <\/div>\r\n                                <!--\/column -->\r\n                                                    <\/div>\r\n                        <!--\/.row -->\r\n                    <\/div>\r\n                    <!--\/column -->\r\n                <\/div>\r\n                <!--\/.row -->\r\n            <\/div>\r\n            <!-- \/.container -->\r\n        <\/div>\r\n\t    \t\t\t\t<\/div>\n\t\t\t\t<\/div>\n\t\t\t\t<\/div>\n\t\t<div class=\"elementor-element elementor-element-95aa951 e-con-full e-flex e-con e-parent\" data-id=\"95aa951\" data-element_type=\"container\" data-settings=\"{&quot;jet_parallax_layout_list&quot;:[],&quot;_ha_eqh_enable&quot;:false}\">\n\t\t\t\t<div class=\"jet-popup-target elementor-element elementor-element-3418466 elementor-widget elementor-widget-critere\" data-jet-popup=\"{&quot;attached-popup&quot;:&quot;jet-popup-249&quot;,&quot;trigger-type&quot;:&quot;click-selector&quot;,&quot;trigger-custom-selector&quot;:&quot;a.btn.btn-primary&quot;}\" data-id=\"3418466\" data-element_type=\"widget\" data-widget_type=\"critere.default\">\n\t\t\t\t<div class=\"elementor-widget-container\">\n\t\t\t\t\t\r\n        <div class=\"wrapper bg-light\">\r\n            <div class=\"container py-10 py-md-10\">\r\n                <div class=\"row gx-md-8 gy-10 align-items-center\">\r\n                    <div class=\"col-lg-6 offset-lg-1 order-lg-2 position-relative\">\r\n                                                    <figure class=\"rounded\"><img decoding=\"async\" class=\"img-fluid\" src=\"https:\/\/gtei-guadeloupe.org\/wp-content\/uploads\/2025\/02\/about27.jpg\" alt=\"crit\u00e8re\" \/><\/figure>\r\n                                                                        <div class=\"card shadow-lg position-absolute d-none d-md-block\" style=\"top: 15%; left: -7%\">\r\n                            <div class=\"card-body py-4 px-5\">\r\n                                <div class=\"d-flex flex-row align-items-center\">\r\n                                    <div>\r\n                                        <div><a href=\"#\" target=_blank class=\"btn btn-primary\">DEPOSEZ VOTRE CV<\/a><\/div>\r\n                                    <\/div>\r\n                                <\/div>\r\n                            <\/div>\r\n                            <!--\/.card-body -->\r\n                        <\/div>\r\n                        <!--\/.card -->\r\n                                                                    <\/div>\r\n                    <!--\/column -->\r\n                    <div class=\"col-lg-5\">\r\n                                                    <h3 class=\"display-4 mb-4 me-lg-n5\">Crit\u00e8res d\u2019\u00e9ligibilit\u00e9s<\/h3>\r\n                                                <!--<p class=\"mb-6\">Etiam porta sem malesuada magna mollis euismod. Donec ullamcorper nulla non metus auctor fringilla. Morbi leo risus, porta ac consectetur ac, vestibulum at eros. Fusce dapibus, tellus ac cursus. Integer posuere erat a ante venenatis dapibus posuere velit.<\/p> -->\r\n                                                    <ul class=\"icon-list bullet-bg bullet-soft-primary\">\r\n                                                            <li><i class=\"uil uil-check\"><\/i>B\u00e9n\u00e9ficiaire RSA<\/li>\r\n                                                            <li><i class=\"uil uil-check\"><\/i>Allocataire ASS<\/li>\r\n                                                            <li><i class=\"uil uil-check\"><\/i>Allocataire AAH<\/li>\r\n                                                            <li><i class=\"uil uil-check\"><\/i>Demandeur Emploi Tr\u00e8s Longue Dur\u00e9e (+24 mois de ch\u00f4mage)<\/li>\r\n                                                            <li><i class=\"uil uil-check\"><\/i>Niveau d\u2019\u00e9tude 3 (CAP, BEP) ou inf\u00e9rieur<\/li>\r\n                                                            <li><i class=\"uil uil-check\"><\/i>Senior (+50 ans)<\/li>\r\n                                                            <li><i class=\"uil uil-check\"><\/i>Jeunes (-26 ans) Sortant de l\u2019ASE<\/li>\r\n                                                            <li><i class=\"uil uil-check\"><\/i>Demandeur Emploi Longue Dur\u00e9e (12-24 mois de ch\u00f4mage)<\/li>\r\n                                                            <li><i class=\"uil uil-check\"><\/i>Travailleur en situation d\u2019handicap<\/li>\r\n                                                            <li><i class=\"uil uil-check\"><\/i>Parent isol\u00e9 CAF<\/li>\r\n                                                            <li><i class=\"uil uil-check\"><\/i>Personne sans h\u00e9bergement\/ h\u00e9berg\u00e9e \/ayant un parcours de rue<\/li>\r\n                                                            <li><i class=\"uil uil-check\"><\/i>Personne r\u00e9cemment arriv\u00e9e en France (contrat d'int\u00e9gration r\u00e9publicaine de - 24 mois )<\/li>\r\n                                                            <li><i class=\"uil uil-check\"><\/i>R\u00e9sident en Quartier prioritaire de la politique de la ville<\/li>\r\n                                                            <li><i class=\"uil uil-check\"><\/i>Sortant de d\u00e9tention ou personne plac\u00e9e sous-main de justice<\/li>\r\n                                                            <li><i class=\"uil uil-check\"><\/i>Formation Fran\u00e7ais Langue Etrang\u00e8re (FLE inf\u00e9rieur au niveau A1 )<\/li>\r\n                                                            <li><i class=\"uil uil-check\"><\/i>Mobilit\u00e9 (d\u00e9finis par les prescripteurs habilit\u00e9s )<\/li>\r\n                                                        <\/ul>\r\n                                            <\/div>\r\n                    <!--\/column -->\r\n                <\/div>\r\n                <!--\/.row -->\r\n            <\/div>\r\n            <!-- \/.container -->\r\n        <\/div>\r\n\r\n\t    \t\t\t\t<\/div>\n\t\t\t\t<\/div>\n\t\t\t\t<\/div>\n\t\t<div class=\"elementor-element elementor-element-5d3005a e-con-full e-flex e-con e-parent\" data-id=\"5d3005a\" data-element_type=\"container\" data-settings=\"{&quot;jet_parallax_layout_list&quot;:[],&quot;_ha_eqh_enable&quot;:false}\">\n\t\t\t\t<div class=\"elementor-element elementor-element-cddaed2 elementor-widget elementor-widget-footer-info\" data-id=\"cddaed2\" data-element_type=\"widget\" data-widget_type=\"footer-info.default\">\n\t\t\t\t<div class=\"elementor-widget-container\">\n\t\t\t\t\t        <!-- \/section -->\r\n        <div class=\"wrapper bg-soft-primary\">\r\n            <div class=\"container pt-5 pb-10 pb-md-0\">\r\n                <div class=\"row gx-lg-8 gx-xl-0 align-items-center\">\r\n                    <div class=\"col-md-5 col-lg-5 col-xl-4 offset-xl-1 d-none d-md-flex position-relative align-self-end\">\r\n                        <div class=\"shape rounded-circle bg-pale-primary rellax w-21 h-21 d-md-none d-lg-block\" data-rellax-speed=\"1\" style=\"top: 7rem; left: 1rem\"><\/div>\r\n                                                    <figure><img decoding=\"async\" src=\"https:\/\/gtei-guadeloupe.org\/wp-content\/uploads\/2025\/02\/co1.png\" alt=\"\"><\/figure>\r\n                                            <\/div>\r\n                    <!--\/column -->\r\n                    <div class=\"col-lg-5 offset-lg-1\">\r\n                                                                            <h3 class=\"display-4 mb-4\">Force de notre engagement : un emploi pour vous<\/h3>\r\n                                                                            <p class=\"mb-6\">Consultez nos offres d\u2019emplois.<\/p>\r\n                                                                                                <div class=\"row gy-3\">\r\n                            <div class=\"col-xl-12\">\r\n                                <nav class=\"nav social social-black\">\r\n                                                                            <a href=\"https:\/\/www.whatsapp.com\" class=\"btn btn-circle btn-sm btn-whatsapp\" target=_blank>\r\n                                            <i class=\"uil uil-whatsapp\"><\/i>\r\n                                        <\/a>\r\n                                                                            <a href=\"https:\/\/www.linkedin.com\" class=\"btn btn-circle btn-sm btn-linkedin\" target=_blank>\r\n                                            <i class=\"uil uil-linkedin\"><\/i>\r\n                                        <\/a>\r\n                                                                    <\/nav>\r\n                            <\/div>\r\n                            <!--\/column -->\r\n                        <\/div>\r\n                                                <!--\/.row -->\r\n                    <\/div>\r\n                    <!--\/column -->\r\n                <\/div>\r\n                <!--\/.row -->\r\n            <\/div>\r\n            <!-- \/.container -->\r\n        <\/div>\r\n        <!-- \/section -->\r\n\t    \t\t\t\t<\/div>\n\t\t\t\t<\/div>\n\t\t\t\t<\/div>\n\t\t\t\t<\/div>\n\t\t","protected":false},"excerpt":{"rendered":"<p>Candidats Notre mission : Vous accompagner dans l\u2019emploi . Vous \u00eates \u00e0 la recherche d&rsquo;une opportunit\u00e9 professionnelle ? Le GTEI \u2013 GUICHET TERRITORIAL D\u2019EMPLOI D\u2019INSERTION vous accompagne vers l&#8217;emploi en vous proposant : Des missions adapt\u00e9es \u00e0 votre profil : Nous identifions des offres qui correspondent \u00e0 vos comp\u00e9tences et \u00e0 votre projet professionnel. Un [&hellip;]<\/p>\n","protected":false},"author":1,"featured_media":0,"parent":0,"menu_order":0,"comment_status":"closed","ping_status":"closed","template":"elementor_header_footer","meta":{"om_disable_all_campaigns":false,"_monsterinsights_skip_tracking":false,"_monsterinsights_sitenote_active":false,"_monsterinsights_sitenote_note":"","_monsterinsights_sitenote_category":0,"footnotes":""},"class_list":["post-6","page","type-page","status-publish","hentry"],"aioseo_notices":[],"_links":{"self":[{"href":"https:\/\/gtei-guadeloupe.org\/index.php\/wp-json\/wp\/v2\/pages\/6","targetHints":{"allow":["GET"]}}],"collection":[{"href":"https:\/\/gtei-guadeloupe.org\/index.php\/wp-json\/wp\/v2\/pages"}],"about":[{"href":"https:\/\/gtei-guadeloupe.org\/index.php\/wp-json\/wp\/v2\/types\/page"}],"author":[{"embeddable":true,"href":"https:\/\/gtei-guadeloupe.org\/index.php\/wp-json\/wp\/v2\/users\/1"}],"replies":[{"embeddable":true,"href":"https:\/\/gtei-guadeloupe.org\/index.php\/wp-json\/wp\/v2\/comments?post=6"}],"version-history":[{"count":65,"href":"https:\/\/gtei-guadeloupe.org\/index.php\/wp-json\/wp\/v2\/pages\/6\/revisions"}],"predecessor-version":[{"id":556,"href":"https:\/\/gtei-guadeloupe.org\/index.php\/wp-json\/wp\/v2\/pages\/6\/revisions\/556"}],"wp:attachment":[{"href":"https:\/\/gtei-guadeloupe.org\/index.php\/wp-json\/wp\/v2\/media?parent=6"}],"curies":[{"name":"wp","href":"https:\/\/api.w.org\/{rel}","templated":true}]}}