{"id":146,"date":"2025-02-23T17:07:57","date_gmt":"2025-02-23T21:07:57","guid":{"rendered":"http:\/\/qobykgv.cluster100.hosting.ovh.net\/?page_id=146"},"modified":"2025-05-23T06:20:19","modified_gmt":"2025-05-23T10:20:19","slug":"entreprises","status":"publish","type":"page","link":"https:\/\/gtei-guadeloupe.org\/index.php\/entreprises\/","title":{"rendered":"Entreprises"},"content":{"rendered":"\t\t<div data-elementor-type=\"wp-page\" data-elementor-id=\"146\" class=\"elementor elementor-146\" data-elementor-settings=\"{&quot;ha_cmc_init_switcher&quot;:&quot;no&quot;}\" data-elementor-post-type=\"page\">\n\t\t\t\t<div class=\"elementor-element elementor-element-45fce69 e-con-full e-flex e-con e-parent\" data-id=\"45fce69\" data-element_type=\"container\" data-settings=\"{&quot;jet_parallax_layout_list&quot;:[],&quot;_ha_eqh_enable&quot;:false}\">\n\t\t\t\t<div class=\"elementor-element elementor-element-eb781be elementor-widget elementor-widget-gtei-title\" data-id=\"eb781be\" data-element_type=\"widget\" data-widget_type=\"gtei-title.default\">\n\t\t\t\t<div class=\"elementor-widget-container\">\n\t\t\t\t\t        <div class=\"section-frame overflow-hidden\">\r\n            <div class=\"wrapper bg-gray\">\r\n                <div class=\"container py-10 py-md-10 text-center\">\r\n                    <div class=\"row\">\r\n                        <div class=\"col-lg-10 col-xxl-8 mx-auto\">\r\n                                                            <h1 class=\"display-1 mb-1\">Entreprises<\/h1>\r\n                                                    <\/div>\r\n                        <!-- \/column -->\r\n                    <\/div>\r\n                    <!-- \/.row -->\r\n                <\/div>\r\n                <!-- \/.container -->\r\n            <\/div>\r\n            <!-- \/.wrapper -->\r\n        <\/div>\r\n\t    \t\t\t\t<\/div>\n\t\t\t\t<\/div>\n\t\t\t\t<\/div>\n\t\t<div class=\"elementor-element elementor-element-a5a6abc e-con-full e-flex e-con e-parent\" data-id=\"a5a6abc\" data-element_type=\"container\" data-settings=\"{&quot;jet_parallax_layout_list&quot;:[],&quot;_ha_eqh_enable&quot;:false}\">\n\t\t\t\t<div class=\"elementor-element elementor-element-e71abb5 elementor-widget elementor-widget-company-info\" data-id=\"e71abb5\" data-element_type=\"widget\" data-widget_type=\"company-info.default\">\n\t\t\t\t<div class=\"elementor-widget-container\">\n\t\t\t\t\t        <div class=\"wrapper bg-white\">\n            <div class=\"container py-15 py-md-5\">\n                <div class=\"row gy-10 gy-sm-13 gx-md-8 gx-xl-12 align-items-center\">\n                    <div class=\"col-lg-6\">\n                        <div class=\"row gx-md-5 gy-5\">\n                                                            <div class=\"col-md-6\">\n                                    <figure class=\"rounded\"><img decoding=\"async\" src=\"https:\/\/gtei-guadeloupe.org\/wp-content\/uploads\/2025\/02\/g14.jpg\" alt=\"company-info\"><\/figure>\n                                <\/div>\n                                                                                        <!--\/column -->\n                                <div class=\"col-md-6 align-self-end\">\n                                    <figure class=\"rounded\"><img decoding=\"async\" src=\"https:\/\/gtei-guadeloupe.org\/wp-content\/uploads\/2025\/02\/g15.jpg\" alt=\"company-info\"><\/figure>\n                                <\/div>\n                                <!--\/column -->\n                                                                                        <div class=\"col-12\">\n                                    <figure class=\"rounded mx-md-5\"><img decoding=\"async\" src=\"https:\/\/gtei-guadeloupe.org\/wp-content\/uploads\/2025\/02\/g16.jpg\" alt=\"company-info\"><\/figure>\n                                <\/div>\n                                <!--\/column -->\n                                                    <\/div>\n                        <!--\/.row -->\n                    <\/div>\n                    <!--\/column -->\n                    <div class=\"col-lg-5 text-justify\">\n                                                    <h3 class=\"display-3 ls-sm mb-5\">Recrutez le profil id\u00e9al<\/h3>\n                                                <p><strong>Vous \u00eates une entreprise : Engagez-vous dans une d\u00e9marche responsable<\/strong><\/p>\n<p><strong>Un partenariat gagnant : R\u00e9pondez \u00e0 vos besoins tout en agissant pour l\u2019inclusion<\/strong><\/p>\n<p>Sur un territoire o\u00f9 la responsabilit\u00e9 sociale des entreprises (RSE) est devenue un enjeu majeur, int\u00e9grer une dimension solidaire \u00e0 vos recrutements et march\u00e9s peut faire la diff\u00e9rence. Notre entreprise de travail temporaire d\u2019insertion (ETTI) vous accompagne dans cette d\u00e9marche en vous proposant des solutions adapt\u00e9es \u00e0 vos besoins en personnel, tout en favorisant l\u2019insertion professionnelle des personnes \u00e9loign\u00e9es de l\u2019emploi.<\/p>\n                                                    <a href=\"https:\/\/gtei-guadeloupe.org\/index.php\/formulaire-en-ligne\/\"  class=\"btn btn-primary rounded\">Trouver le meilleur candidat<\/a>\n                            <!--\/.row -->\n                                            <\/div>\n                    <!--\/column -->\n                <\/div>\n            <\/div>\n        <\/div>\n\t    \t\t\t\t<\/div>\n\t\t\t\t<\/div>\n\t\t\t\t<\/div>\n\t\t<div class=\"elementor-element elementor-element-772bdcf e-flex e-con-boxed e-con e-parent\" data-id=\"772bdcf\" data-element_type=\"container\" data-settings=\"{&quot;jet_parallax_layout_list&quot;:[],&quot;_ha_eqh_enable&quot;:false}\">\n\t\t\t\t\t<div class=\"e-con-inner\">\n\t\t\t\t<div class=\"elementor-element elementor-element-238d306 elementor-widget elementor-widget-text-editor\" data-id=\"238d306\" data-element_type=\"widget\" data-widget_type=\"text-editor.default\">\n\t\t\t\t<div class=\"elementor-widget-container\">\n\t\t\t\t\t\t\t\t\t<strong>Pourquoi collaborer avec le GUICHET TERRITORIAL D\u2019EMPLOI D\u2019INSERTION ?<\/strong>\n<li><strong>R\u00e9pondre \u00e0 vos besoins en main-d\u2019\u0153uvre :<\/strong> Nous mettons \u00e0 votre disposition des int\u00e9rimaires qualifi\u00e9s ou non, accompagn\u00e9s et pouvant \u00eatre form\u00e9s selon vos exigences.<\/li>\n<li><strong>Respecter vos engagements en mati\u00e8re de clause sociale :<\/strong> Nous vous aidons \u00e0 int\u00e9grer des travailleurs en insertion dans le cadre des march\u00e9s publics et priv\u00e9s.<\/li>\n<li><strong>Valoriser votre responsabilit\u00e9 sociale :<\/strong> En collaborant avec nous, vous agissez concr\u00e8tement pour l\u2019emploi local et l\u2019inclusion sociale.<\/li>\n<li><strong>Soutenir l\u2019\u00e9conomie sociale et solidaire (ESS) :<\/strong> En nous faisant confiance, vous participez \u00e0 un mod\u00e8le \u00e9conomique qui place l\u2019humain et l\u2019impact social au c\u0153ur de son action.<\/li>\n<\/ul>\n\t\t\t\t\t\t\t\t<\/div>\n\t\t\t\t<\/div>\n\t\t<div class=\"elementor-element elementor-element-8b734f6 e-con-full e-flex e-con e-child\" data-id=\"8b734f6\" data-element_type=\"container\" data-settings=\"{&quot;jet_parallax_layout_list&quot;:[],&quot;_ha_eqh_enable&quot;:false}\">\n\t\t\t\t<div class=\"elementor-element elementor-element-639166c elementor-widget__width-initial elementor-widget elementor-widget-text-editor\" data-id=\"639166c\" data-element_type=\"widget\" data-widget_type=\"text-editor.default\">\n\t\t\t\t<div class=\"elementor-widget-container\">\n\t\t\t\t\t\t\t\t\t<p><strong>Nos solutions d\u2019insertion par l\u2019activit\u00e9 \u00e9conomique (IAE)<\/strong><\/p><p>Nous facilitons l\u2019int\u00e9gration des travailleurs en parcours d\u2019insertion en leur proposant :<\/p><ul><li>Une mise \u00e0 disposition sur des missions adapt\u00e9es \u00e0 leurs comp\u00e9tences et en accord avec vos besoins.<\/li><li>Un accompagnement socio-professionnel renforc\u00e9 pour garantir leur mont\u00e9e en comp\u00e9tences.<\/li><li>Une transition vers un emploi durable gr\u00e2ce \u00e0 un suivi personnalis\u00e9.<\/li><\/ul>\t\t\t\t\t\t\t\t<\/div>\n\t\t\t\t<\/div>\n\t\t\t\t<div class=\"elementor-element elementor-element-d6dcf82 elementor-widget__width-initial elementor-widget elementor-widget-text-editor\" data-id=\"d6dcf82\" data-element_type=\"widget\" data-widget_type=\"text-editor.default\">\n\t\t\t\t<div class=\"elementor-widget-container\">\n\t\t\t\t\t\t\t\t\t<p><strong>Comment collaborer avec le GUICHET TERRITORIAL D\u2019EMPLOI D\u2019INSERTION ?<\/strong><\/p><ul><li><strong>D\u00e9finissons ensemble vos besoins :<\/strong> Contactez-nous pour identifier les profils adapt\u00e9s \u00e0 vos attentes.<\/li><li><strong>Int\u00e9grez nos b\u00e9n\u00e9ficiaires dans vos \u00e9quipes :<\/strong> Nous s\u00e9lectionnons des candidats motiv\u00e9s et accompagn\u00e9s.<\/li><li><strong>B\u00e9n\u00e9ficiez d\u2019un suivi d\u00e9di\u00e9 :<\/strong> Nous assurons l\u2019encadrement et la mont\u00e9e en comp\u00e9tences des int\u00e9rimaires.<\/li><li><strong>Valorisez votre engagement :<\/strong> Communiquez sur votre implication en faveur de l\u2019insertion et de l\u2019ESS.<\/li><\/ul>\t\t\t\t\t\t\t\t<\/div>\n\t\t\t\t<\/div>\n\t\t\t\t<\/div>\n\t\t\t\t<div class=\"elementor-element elementor-element-3896898 elementor-widget elementor-widget-text-editor\" data-id=\"3896898\" data-element_type=\"widget\" data-widget_type=\"text-editor.default\">\n\t\t\t\t<div class=\"elementor-widget-container\">\n\t\t\t\t\t\t\t\t\t<p><strong>Rejoignez-nous dans cette d\u00e9marche porteuse de sens et de valeurs !<\/strong><\/p>\t\t\t\t\t\t\t\t<\/div>\n\t\t\t\t<\/div>\n\t\t\t\t\t<\/div>\n\t\t\t\t<\/div>\n\t\t<div class=\"elementor-element elementor-element-51ad474 e-con-full e-flex e-con e-parent\" data-id=\"51ad474\" data-element_type=\"container\" data-settings=\"{&quot;jet_parallax_layout_list&quot;:[],&quot;_ha_eqh_enable&quot;:false}\">\n\t\t\t\t<div class=\"elementor-element elementor-element-8ad4006 elementor-widget elementor-widget-company-mission\" data-id=\"8ad4006\" data-element_type=\"widget\" data-widget_type=\"company-mission.default\">\n\t\t\t\t<div class=\"elementor-widget-container\">\n\t\t\t\t\t        <section class=\"wrapper bg-white\">\n        <div class=\"container py-5\">\n        <div class=\"row position-relative mb-5 mb-md-5\">\n                                            <figure class=\"rounded position-absolute d-none d-lg-block\" style=\"top: 50%; right:0; width: 45%; height: auto; transform: translateY(-50%); z-index:2\"><img decoding=\"async\" src=\"https:\/\/gtei-guadeloupe.org\/wp-content\/uploads\/2025\/02\/tei1.jpg\" alt=\"mission-image\"><\/figure>\n                                        <div class=\"col-lg-9\">\n                        <div class=\"card bg-gray\">\n                            <div class=\"card-body p-md-10 py-xxl-10\">\n                                <div class=\"row gx-0\">\n                                    <div class=\"col-lg-8 ps-xl-10\">\n                                        <blockquote class=\"border-0 fs-lg mb-0\">\n                                                                                            <h3 class=\"display-3 ls-sm mb-5\">Notre mission :<\/h3>\n                                                                                                                                        <p>Vous mettre \u00e0 disposition des comp\u00e9tences de nos candidats pour les p\u00e9riodes d\u00e9finies par vos besoins en recrutements :<\/p>\n                                                                                                                                        <ul class=\"icon-list bullet-bg bullet-soft-primary\">\n                                                                                                            <li><i class=\"uil uil-check\"><\/i>En remplacement des salari\u00e9(e)s en cong\u00e9s,<\/li>\n                                                                                                            <li><i class=\"uil uil-check\"><\/i>Pour les p\u00e9riodes d\u2019accroissement d\u2019activit\u00e9,<\/li>\n                                                                                                            <li><i class=\"uil uil-check\"><\/i>Pour les clauses sociales incluses dans les march\u00e9s publics<\/li>\n                                                                                                            <li><i class=\"uil uil-check\"><\/i>Pour les pr\u00e9visions en pr\u00e9paration des d\u00e9parts en retraite\u2026<\/li>\n                                                                                                    <\/ul>\n                                                                                <\/div>\n                                    <!-- \/column -->\n                                <\/div>\n                                <!-- \/.row -->\n                            <\/div>\n                            <!--\/.card-body -->\n                        <\/div>\n                        <!--\/.card -->\n                    <\/div>\n                    <!-- \/column -->\n                <\/div>\n        <\/div>\n        <\/section>\n\t    \t\t\t\t<\/div>\n\t\t\t\t<\/div>\n\t\t\t\t<\/div>\n\t\t<div class=\"elementor-element elementor-element-d74e79f e-con-full e-flex e-con e-parent\" data-id=\"d74e79f\" data-element_type=\"container\" data-settings=\"{&quot;jet_parallax_layout_list&quot;:[],&quot;_ha_eqh_enable&quot;:false}\">\n\t\t\t\t<div class=\"elementor-element elementor-element-c5b38fe elementor-widget elementor-widget-footer-info\" data-id=\"c5b38fe\" data-element_type=\"widget\" data-widget_type=\"footer-info.default\">\n\t\t\t\t<div class=\"elementor-widget-container\">\n\t\t\t\t\t        <!-- \/section -->\r\n        <div class=\"wrapper bg-soft-primary\">\r\n            <div class=\"container pt-5 pb-10 pb-md-0\">\r\n                <div class=\"row gx-lg-8 gx-xl-0 align-items-center\">\r\n                    <div class=\"col-md-5 col-lg-5 col-xl-4 offset-xl-1 d-none d-md-flex position-relative align-self-end\">\r\n                        <div class=\"shape rounded-circle bg-pale-primary rellax w-21 h-21 d-md-none d-lg-block\" data-rellax-speed=\"1\" style=\"top: 7rem; left: 1rem\"><\/div>\r\n                                                    <figure><img decoding=\"async\" src=\"https:\/\/gtei-guadeloupe.org\/wp-content\/uploads\/2025\/02\/co1.png\" alt=\"\"><\/figure>\r\n                                            <\/div>\r\n                    <!--\/column -->\r\n                    <div class=\"col-lg-5 offset-lg-1\">\r\n                                                                            <h3 class=\"display-4 mb-4\">D\u00e9posez vos offres - g\u00e9rez votre espace<\/h3>\r\n                                                                            <p class=\"mb-6\">Fiche entreprise ou fiche de commande \u00e0 fournir : formulaire en ligne avec un cellule de d\u2019informations particuli\u00e8res<\/p>\r\n                                                                        <div class=\"d-flex justify-content-center\" data-cues=\"slideInDown\" data-delay=\"600\">\r\n                                                        <span><a href=\"https:\/\/gtei-guadeloupe.org\/index.php\/formulaire-en-ligne\/\" target=_blank class=\"btn btn-lg btn-blue rounded-xl mx-1\">Besoin en personnel(s)<\/a><\/span>\r\n                                                        <span><a href=\"https:\/\/gtei-guadeloupe.org\/index.php\/formulaire-en-ligne\/\" target=_blank class=\"btn btn-lg btn-aqua rounded-xl mx-1\">Fiche de poste<\/a><\/span>\r\n                                                        <span><a href=\"https:\/\/gtei-guadeloupe.org\/index.php\/formulaire-en-ligne\/\" target=_blank class=\"btn btn-lg btn-sky rounded-xl mx-1\">Fiche de renseignements<\/a><\/span>\r\n                                                    <\/div>\r\n                                                                        <div class=\"row gy-3\">\r\n                            <div class=\"col-xl-12\">\r\n                                <nav class=\"nav social social-black\">\r\n                                                                            <a href=\"\" class=\"btn btn-circle btn-sm btn-Instagram\" target=_blank>\r\n                                            <i class=\"uil uil-\"><\/i>\r\n                                        <\/a>\r\n                                                                    <\/nav>\r\n                            <\/div>\r\n                            <!--\/column -->\r\n                        <\/div>\r\n                                                <!--\/.row -->\r\n                    <\/div>\r\n                    <!--\/column -->\r\n                <\/div>\r\n                <!--\/.row -->\r\n            <\/div>\r\n            <!-- \/.container -->\r\n        <\/div>\r\n        <!-- \/section -->\r\n\t    \t\t\t\t<\/div>\n\t\t\t\t<\/div>\n\t\t\t\t<\/div>\n\t\t\t\t<\/div>\n\t\t","protected":false},"excerpt":{"rendered":"<p>Entreprises Recrutez le profil id\u00e9al Vous \u00eates une entreprise : Engagez-vous dans une d\u00e9marche responsable Un partenariat gagnant : R\u00e9pondez \u00e0 vos besoins tout en agissant pour l\u2019inclusion Sur un territoire o\u00f9 la responsabilit\u00e9 sociale des entreprises (RSE) est devenue un enjeu majeur, int\u00e9grer une dimension solidaire \u00e0 vos recrutements et march\u00e9s peut faire la [&hellip;]<\/p>\n","protected":false},"author":1,"featured_media":0,"parent":0,"menu_order":0,"comment_status":"closed","ping_status":"closed","template":"elementor_header_footer","meta":{"om_disable_all_campaigns":false,"_monsterinsights_skip_tracking":false,"_monsterinsights_sitenote_active":false,"_monsterinsights_sitenote_note":"","_monsterinsights_sitenote_category":0,"footnotes":""},"class_list":["post-146","page","type-page","status-publish","hentry"],"aioseo_notices":[],"_links":{"self":[{"href":"https:\/\/gtei-guadeloupe.org\/index.php\/wp-json\/wp\/v2\/pages\/146","targetHints":{"allow":["GET"]}}],"collection":[{"href":"https:\/\/gtei-guadeloupe.org\/index.php\/wp-json\/wp\/v2\/pages"}],"about":[{"href":"https:\/\/gtei-guadeloupe.org\/index.php\/wp-json\/wp\/v2\/types\/page"}],"author":[{"embeddable":true,"href":"https:\/\/gtei-guadeloupe.org\/index.php\/wp-json\/wp\/v2\/users\/1"}],"replies":[{"embeddable":true,"href":"https:\/\/gtei-guadeloupe.org\/index.php\/wp-json\/wp\/v2\/comments?post=146"}],"version-history":[{"count":94,"href":"https:\/\/gtei-guadeloupe.org\/index.php\/wp-json\/wp\/v2\/pages\/146\/revisions"}],"predecessor-version":[{"id":614,"href":"https:\/\/gtei-guadeloupe.org\/index.php\/wp-json\/wp\/v2\/pages\/146\/revisions\/614"}],"wp:attachment":[{"href":"https:\/\/gtei-guadeloupe.org\/index.php\/wp-json\/wp\/v2\/media?parent=146"}],"curies":[{"name":"wp","href":"https:\/\/api.w.org\/{rel}","templated":true}]}}