{"id":107,"date":"2025-02-23T14:16:45","date_gmt":"2025-02-23T18:16:45","guid":{"rendered":"http:\/\/qobykgv.cluster100.hosting.ovh.net\/?page_id=107"},"modified":"2025-05-23T05:31:30","modified_gmt":"2025-05-23T09:31:30","slug":"qui-sommes-nous","status":"publish","type":"page","link":"https:\/\/gtei-guadeloupe.org\/index.php\/qui-sommes-nous\/","title":{"rendered":"Qui sommes nous"},"content":{"rendered":"\t\t<div data-elementor-type=\"wp-page\" data-elementor-id=\"107\" class=\"elementor elementor-107\" data-elementor-settings=\"{&quot;ha_cmc_init_switcher&quot;:&quot;no&quot;}\" data-elementor-post-type=\"page\">\n\t\t\t\t<div class=\"elementor-element elementor-element-2b40dbc e-con-full e-flex e-con e-parent\" data-id=\"2b40dbc\" data-element_type=\"container\" data-settings=\"{&quot;jet_parallax_layout_list&quot;:[],&quot;_ha_eqh_enable&quot;:false}\">\n\t\t\t\t<div class=\"elementor-element elementor-element-a3cc4d6 elementor-widget elementor-widget-gtei-title\" data-id=\"a3cc4d6\" data-element_type=\"widget\" data-widget_type=\"gtei-title.default\">\n\t\t\t\t<div class=\"elementor-widget-container\">\n\t\t\t\t\t        <div class=\"section-frame overflow-hidden\">\r\n            <div class=\"wrapper bg-gray\">\r\n                <div class=\"container py-10 py-md-10 text-center\">\r\n                    <div class=\"row\">\r\n                        <div class=\"col-lg-10 col-xxl-8 mx-auto\">\r\n                                                            <h1 class=\"display-1 mb-1\">L\u2019humain au c\u0153ur du travail<\/h1>\r\n                                                    <\/div>\r\n                        <!-- \/column -->\r\n                    <\/div>\r\n                    <!-- \/.row -->\r\n                <\/div>\r\n                <!-- \/.container -->\r\n            <\/div>\r\n            <!-- \/.wrapper -->\r\n        <\/div>\r\n\t    \t\t\t\t<\/div>\n\t\t\t\t<\/div>\n\t\t\t\t<\/div>\n\t\t<div class=\"elementor-element elementor-element-1c2f196 e-con-full e-flex e-con e-parent\" data-id=\"1c2f196\" data-element_type=\"container\" data-settings=\"{&quot;jet_parallax_layout_list&quot;:[],&quot;_ha_eqh_enable&quot;:false}\">\n\t\t\t\t<div class=\"elementor-element elementor-element-6ccd367 elementor-widget elementor-widget-about-us\" data-id=\"6ccd367\" data-element_type=\"widget\" data-widget_type=\"about-us.default\">\n\t\t\t\t<div class=\"elementor-widget-container\">\n\t\t\t\t\t        <div class=\"wrapper bg-light angled lower-end\">\r\n            <div class=\"container py-10 py-md-10\">\r\n                <div class=\"row gx-lg-8 gx-xl-12 gy-10 mb-10 align-items-center\">\r\n                    <div class=\"col-lg-6 position-relative order-lg-2\">\r\n                        <div class=\"shape bg-dot primary rellax w-16 h-20\" data-rellax-speed=\"1\" style=\"top: 3rem; left: 5.5rem\"><\/div>\r\n                        <div class=\"overlap-grid overlap-grid-2\">\r\n                                                        <div class=\"item\">\r\n                                <figure class=\"rounded shadow\"><img decoding=\"async\" src=\"https:\/\/gtei-guadeloupe.org\/wp-content\/uploads\/2025\/02\/about2.jpg\" alt=\"about-us\"><\/figure>\r\n                            <\/div>\r\n                                                                                    <div class=\"item\">\r\n                                <figure class=\"rounded shadow\"><img decoding=\"async\" src=\"https:\/\/gtei-guadeloupe.org\/wp-content\/uploads\/2025\/02\/about3.jpg\" alt=\"about-us\"><\/figure>\r\n                            <\/div>\r\n                                                    <\/div>\r\n                    <\/div>\r\n                    <!--\/column -->\r\n                    <div class=\"col-lg-6\">\r\n                                                    <h2 class=\"display-4 mb-3\">Qui sommes nous ?<\/h2>\r\n                                                                            <p class=\"lead fs-lg\">L\u2019humain au c\u0153ur du travail<\/p>\r\n                                                                            <p>Le GUICHET TERRITORIAL D\u2019EMPLOI D\u2019INSERTION \u0153uvre depuis 2005 dans le champs de l\u2019Economie Sociale et Solidaire (ESS) notamment dans l\u2019Insertion par l\u2019Activit\u00e9 Economique (IAE)<\/p>\n<p>En partenariat avec les entreprises (acteurs \u00e9conomiques du territoire), nous agissons comme un tremplin vers l'emploi durable.<\/p>\n<p>Nos valeurs :<\/p>\n                                                <div class=\"row gy-3 gx-xl-8 mb-6\">\r\n                            <div class=\"col-xl-12\">\r\n                                                                    <ul class=\"icon-list bullet-bg bullet-soft-primary mb-0\">\r\n                                                                            <li><strong>Le respect<\/strong><\/li>\r\n                                        <li class=\"mt-3\"><span><i class=\"uil uil-check\"><\/i><\/span><span>De l\u2019entreprise-partenaire\/cliente, du salari\u00e9 en insertion et du personnel<\/span><\/li>\r\n                                                                            <li><strong>L'engagement<\/strong><\/li>\r\n                                        <li ><span><i class=\"uil uil-check\"><\/i><\/span><span>Une pr\u00e9sence sur toute la Guadeloupe et ses d\u00e9pendances pour mieux r\u00e9pondre aux besoins du territoire.<\/span><\/li>\r\n                                                                            <li><strong>La construction<\/strong><\/li>\r\n                                        <li class=\"mt-3\"><span><i class=\"uil uil-check\"><\/i><\/span><span>Un suivi socioprofessionnel individualis\u00e9 pour renforcer l'employabilit\u00e9 des salari\u00e9s en insertion<\/span><\/li>\r\n                                                                            <li><strong>L'accompagnement<\/strong><\/li>\r\n                                        <li ><span><i class=\"uil uil-check\"><\/i><\/span><span>Des missions adapt\u00e9es aux besoins des entreprises et des parcours d\u2019insertion favorisant la mont\u00e9e en comp\u00e9tences<\/span><\/li>\r\n                                                                        <\/ul>\r\n                                                            <\/div>\r\n                        <\/div>\r\n                                                                        <!--\/.row -->\r\n                    <\/div>\r\n                    <!--\/column -->\r\n\r\n                <\/div>\r\n            <\/div>\r\n            <!-- \/.container -->\r\n        <\/div>\r\n\t    \t\t\t\t<\/div>\n\t\t\t\t<\/div>\n\t\t\t\t<\/div>\n\t\t<div class=\"elementor-element elementor-element-733db44 e-flex e-con-boxed e-con e-parent\" data-id=\"733db44\" data-element_type=\"container\" data-settings=\"{&quot;jet_parallax_layout_list&quot;:[],&quot;_ha_eqh_enable&quot;:false}\">\n\t\t\t\t\t<div class=\"e-con-inner\">\n\t\t<div class=\"elementor-element elementor-element-0d0c208 e-con-full e-flex e-con e-child\" data-id=\"0d0c208\" data-element_type=\"container\" data-settings=\"{&quot;jet_parallax_layout_list&quot;:[],&quot;_ha_eqh_enable&quot;:false}\">\n\t\t\t\t<div class=\"elementor-element elementor-element-b6b7965 elementor-widget elementor-widget-image\" data-id=\"b6b7965\" data-element_type=\"widget\" data-widget_type=\"image.default\">\n\t\t\t\t<div class=\"elementor-widget-container\">\n\t\t\t\t\t\t\t\t\t\t\t\t\t\t\t<img fetchpriority=\"high\" decoding=\"async\" width=\"575\" height=\"383\" src=\"https:\/\/gtei-guadeloupe.org\/wp-content\/uploads\/2025\/02\/tei1.jpg\" class=\"attachment-large size-large wp-image-155\" alt=\"\" srcset=\"https:\/\/gtei-guadeloupe.org\/wp-content\/uploads\/2025\/02\/tei1.jpg 575w, https:\/\/gtei-guadeloupe.org\/wp-content\/uploads\/2025\/02\/tei1-300x200.jpg 300w\" sizes=\"(max-width: 575px) 100vw, 575px\" \/>\t\t\t\t\t\t\t\t\t\t\t\t\t\t\t<\/div>\n\t\t\t\t<\/div>\n\t\t\t\t<\/div>\n\t\t<div class=\"elementor-element elementor-element-d8bc954 e-con-full e-flex e-con e-child\" data-id=\"d8bc954\" data-element_type=\"container\" data-settings=\"{&quot;jet_parallax_layout_list&quot;:[],&quot;_ha_eqh_enable&quot;:false}\">\n\t\t\t\t<div class=\"elementor-element elementor-element-e129557 custom-content elementor-widget elementor-widget-text-editor\" data-id=\"e129557\" data-element_type=\"widget\" data-widget_type=\"text-editor.default\">\n\t\t\t\t<div class=\"elementor-widget-container\">\n\t\t\t\t\t\t\t\t\t<p>Notre \u00e9quipe de permanent est compos\u00e9e de professionnels de l&rsquo;insertion et du recrutement qui travaillent en \u00e9troite collaboration avec les entreprises-partenaires et les salari\u00e9s en insertion pour garantir un partenariat triangulaire efficace et satisfaisant pour tous.<\/p><p>Nos missions :<\/p><ul class=\"icon-list bullet-bg bullet-soft-primary\"><li><i class=\"uil uil-check\"><\/i>Mise \u00e0 disposition de personnel : Nous identifions et pr\u00e9parons des candidats motiv\u00e9s et ayant le savoir-\u00eatre et savoir-faire pour r\u00e9pondre aux besoins des entreprises.<\/li><li><i class=\"uil uil-check\"><\/i>Accompagnement socioprofessionnel : Chaque salari\u00e9 en insertion b\u00e9n\u00e9ficie d\u2019un suivi pour lever les freins \u00e0 l\u2019emploi (formation, logement, mobilit\u00e9, etc.).<\/li><li><i class=\"uil uil-check\"><\/i>Secteurs d&rsquo;intervention vari\u00e9s : Nous intervenons dans diff\u00e9rents domaines tels que le BTP\/VRD, l\u2019industrie, la logistique, le transport, le commerce, et bien d\u2019autres.<\/li><\/ul>\t\t\t\t\t\t\t\t<\/div>\n\t\t\t\t<\/div>\n\t\t\t\t<\/div>\n\t\t\t\t\t<\/div>\n\t\t\t\t<\/div>\n\t\t<div class=\"elementor-element elementor-element-02fbe5f e-flex e-con-boxed e-con e-parent\" data-id=\"02fbe5f\" data-element_type=\"container\" data-settings=\"{&quot;jet_parallax_layout_list&quot;:[],&quot;_ha_eqh_enable&quot;:false}\">\n\t\t\t\t\t<div class=\"e-con-inner\">\n\t\t<div class=\"elementor-element elementor-element-43882da e-con-full e-flex e-con e-child\" data-id=\"43882da\" data-element_type=\"container\" data-settings=\"{&quot;background_background&quot;:&quot;classic&quot;,&quot;jet_parallax_layout_list&quot;:[],&quot;_ha_eqh_enable&quot;:false}\">\n\t\t\t\t<div class=\"elementor-element elementor-element-59fed3d elementor-widget elementor-widget-text-editor\" data-id=\"59fed3d\" data-element_type=\"widget\" data-widget_type=\"text-editor.default\">\n\t\t\t\t<div class=\"elementor-widget-container\">\n\t\t\t\t\t\t\t\t\t<p>Notre Entreprise de Travail Temporaire d\u2019Insertion est implant\u00e9e en Guadeloupe et intervient \u00e9galement sur les \u00eeles du sud <br \/>(Marie-Galante, La D\u00e9sirade, Les Saintes)<\/p>\t\t\t\t\t\t\t\t<\/div>\n\t\t\t\t<\/div>\n\t\t\t\t<\/div>\n\t\t<div class=\"elementor-element elementor-element-d7afc72 e-con-full e-flex e-con e-child\" data-id=\"d7afc72\" data-element_type=\"container\" data-settings=\"{&quot;background_background&quot;:&quot;classic&quot;,&quot;jet_parallax_layout_list&quot;:[],&quot;_ha_eqh_enable&quot;:false}\">\n\t\t\t\t<div class=\"elementor-element elementor-element-c6cdf69 elementor-widget elementor-widget-text-editor\" data-id=\"c6cdf69\" data-element_type=\"widget\" data-widget_type=\"text-editor.default\">\n\t\t\t\t<div class=\"elementor-widget-container\">\n\t\t\t\t\t\t\t\t\t<p>Nous travaillons en partenariat avec les entreprises du territoire mais aussi celles bas\u00e9es dans d\u2019autres r\u00e9gions (ex : Martinique, Saint-martin, l\u2019hexagone et Europe, \u2026) et qui obtiennent des march\u00e9s sp\u00e9cifiques sur notre territoire d\u2019intervention.<\/p>\t\t\t\t\t\t\t\t<\/div>\n\t\t\t\t<\/div>\n\t\t\t\t<\/div>\n\t\t<div class=\"elementor-element elementor-element-d047528 e-con-full e-flex e-con e-child\" data-id=\"d047528\" data-element_type=\"container\" data-settings=\"{&quot;background_background&quot;:&quot;classic&quot;,&quot;jet_parallax_layout_list&quot;:[],&quot;_ha_eqh_enable&quot;:false}\">\n\t\t\t\t<div class=\"elementor-element elementor-element-32970a8 elementor-widget elementor-widget-text-editor\" data-id=\"32970a8\" data-element_type=\"widget\" data-widget_type=\"text-editor.default\">\n\t\t\t\t<div class=\"elementor-widget-container\">\n\t\t\t\t\t\t\t\t\t<p>Ces entreprises deviennent automatiquement membre du R\u00e9seau des entreprises citoyennes de Guadeloupe (REC-G), car elles nous permettent de placer de l\u2019emploi sur le parcours d\u2019insertion de nos b\u00e9n\u00e9ficiaires.<\/p>\t\t\t\t\t\t\t\t<\/div>\n\t\t\t\t<\/div>\n\t\t\t\t<\/div>\n\t\t\t\t\t<\/div>\n\t\t\t\t<\/div>\n\t\t<div class=\"elementor-element elementor-element-443c47f e-con-full e-flex e-con e-parent\" data-id=\"443c47f\" data-element_type=\"container\" data-settings=\"{&quot;jet_parallax_layout_list&quot;:[],&quot;_ha_eqh_enable&quot;:false}\">\n\t\t\t\t<div class=\"elementor-element elementor-element-693a38e elementor-widget elementor-widget-footer-info\" data-id=\"693a38e\" data-element_type=\"widget\" data-widget_type=\"footer-info.default\">\n\t\t\t\t<div class=\"elementor-widget-container\">\n\t\t\t\t\t        <!-- \/section -->\r\n        <div class=\"wrapper bg-soft-primary\">\r\n            <div class=\"container pt-10 pb-10 pb-md-0\">\r\n                <div class=\"row gx-lg-8 gx-xl-0 align-items-center\">\r\n                    <div class=\"col-md-5 col-lg-5 col-xl-4 offset-xl-1 d-none d-md-flex position-relative align-self-end\">\r\n                        <div class=\"shape rounded-circle bg-pale-primary rellax w-21 h-21 d-md-none d-lg-block\" data-rellax-speed=\"1\" style=\"top: 7rem; left: 1rem\"><\/div>\r\n                                                    <figure><img decoding=\"async\" src=\"https:\/\/gtei-guadeloupe.org\/wp-content\/uploads\/2025\/02\/co1.png\" alt=\"\"><\/figure>\r\n                                            <\/div>\r\n                    <!--\/column -->\r\n                    <div class=\"col-lg-5 offset-lg-1\">\r\n                                                                            <h3 class=\"display-4 mb-4\">Comp\u00e9tences \/ M\u00e9tiers \/ Lieu de travail<\/h3>\r\n                                                                            <p class=\"mb-6\">Consultez toutes nos offres d'emplois via nos plateformes et r\u00e9seaux sociaux.<\/p>\r\n                                                                                                <div class=\"row gy-3\">\r\n                            <div class=\"col-xl-12\">\r\n                                <nav class=\"nav social social-black\">\r\n                                                                            <a href=\"https:\/\/www.whatsapp.com\" class=\"btn btn-circle btn-sm btn-whatsapp\" target=_blank>\r\n                                            <i class=\"uil uil-whatsapp\"><\/i>\r\n                                        <\/a>\r\n                                                                            <a href=\"https:\/\/www.linkedin.com\" class=\"btn btn-circle btn-sm btn-linkedin\" target=_blank>\r\n                                            <i class=\"uil uil-linkedin\"><\/i>\r\n                                        <\/a>\r\n                                                                    <\/nav>\r\n                            <\/div>\r\n                            <!--\/column -->\r\n                        <\/div>\r\n                                                <!--\/.row -->\r\n                    <\/div>\r\n                    <!--\/column -->\r\n                <\/div>\r\n                <!--\/.row -->\r\n            <\/div>\r\n            <!-- \/.container -->\r\n        <\/div>\r\n        <!-- \/section -->\r\n\t    \t\t\t\t<\/div>\n\t\t\t\t<\/div>\n\t\t\t\t<\/div>\n\t\t\t\t<\/div>\n\t\t","protected":false},"excerpt":{"rendered":"<p>L\u2019humain au c\u0153ur du travail Qui sommes nous ? L\u2019humain au c\u0153ur du travail Le GUICHET TERRITORIAL D\u2019EMPLOI D\u2019INSERTION \u0153uvre depuis 2005 dans le champs de l\u2019Economie Sociale et Solidaire (ESS) notamment dans l\u2019Insertion par l\u2019Activit\u00e9 Economique (IAE) En partenariat avec les entreprises (acteurs \u00e9conomiques du territoire), nous agissons comme un tremplin vers l&#8217;emploi durable. [&hellip;]<\/p>\n","protected":false},"author":1,"featured_media":0,"parent":0,"menu_order":0,"comment_status":"closed","ping_status":"closed","template":"elementor_header_footer","meta":{"om_disable_all_campaigns":false,"_monsterinsights_skip_tracking":false,"_monsterinsights_sitenote_active":false,"_monsterinsights_sitenote_note":"","_monsterinsights_sitenote_category":0,"footnotes":""},"class_list":["post-107","page","type-page","status-publish","hentry"],"aioseo_notices":[],"_links":{"self":[{"href":"https:\/\/gtei-guadeloupe.org\/index.php\/wp-json\/wp\/v2\/pages\/107","targetHints":{"allow":["GET"]}}],"collection":[{"href":"https:\/\/gtei-guadeloupe.org\/index.php\/wp-json\/wp\/v2\/pages"}],"about":[{"href":"https:\/\/gtei-guadeloupe.org\/index.php\/wp-json\/wp\/v2\/types\/page"}],"author":[{"embeddable":true,"href":"https:\/\/gtei-guadeloupe.org\/index.php\/wp-json\/wp\/v2\/users\/1"}],"replies":[{"embeddable":true,"href":"https:\/\/gtei-guadeloupe.org\/index.php\/wp-json\/wp\/v2\/comments?post=107"}],"version-history":[{"count":88,"href":"https:\/\/gtei-guadeloupe.org\/index.php\/wp-json\/wp\/v2\/pages\/107\/revisions"}],"predecessor-version":[{"id":611,"href":"https:\/\/gtei-guadeloupe.org\/index.php\/wp-json\/wp\/v2\/pages\/107\/revisions\/611"}],"wp:attachment":[{"href":"https:\/\/gtei-guadeloupe.org\/index.php\/wp-json\/wp\/v2\/media?parent=107"}],"curies":[{"name":"wp","href":"https:\/\/api.w.org\/{rel}","templated":true}]}}